{"id":7,"date":"2014-12-24T23:53:21","date_gmt":"2014-12-24T23:53:21","guid":{"rendered":"http:\/\/system.svenskadomaner.se\/~travhuli\/?page_id=7"},"modified":"2019-02-25T14:05:02","modified_gmt":"2019-02-25T14:05:02","slug":"om","status":"publish","type":"page","link":"https:\/\/www.travhuliganen.se\/?page_id=7","title":{"rendered":"Om"},"content":{"rendered":"<p><strong>Travhuliganen<\/strong> &#8211; f.d vinstrekordh\u00e5llare p\u00e5 V75-tillsammans och dubbel miljonvinnare p\u00e5 V75 och med ytterligare n\u00e5gra sexsiffriga vinster p\u00e5 mitt CV.<\/p>\n<p><a href=\"http:\/\/www.travhuliganen.se\/wp-content\/uploads\/2014\/12\/V75-TILLSAMMANSREKORDET.jpg\"><img loading=\"lazy\" decoding=\"async\" class=\"alignnone size-medium wp-image-104\" src=\"http:\/\/www.travhuliganen.se\/wp-content\/uploads\/2014\/12\/V75-TILLSAMMANSREKORDET-244x300.jpg\" alt=\"V75-TILLSAMMANSREKORDET\" width=\"244\" height=\"300\" srcset=\"https:\/\/www.travhuliganen.se\/wp-content\/uploads\/2014\/12\/V75-TILLSAMMANSREKORDET-244x300.jpg 244w, https:\/\/www.travhuliganen.se\/wp-content\/uploads\/2014\/12\/V75-TILLSAMMANSREKORDET-833x1024.jpg 833w, https:\/\/www.travhuliganen.se\/wp-content\/uploads\/2014\/12\/V75-TILLSAMMANSREKORDET.jpg 1536w\" sizes=\"auto, (max-width: 244px) 100vw, 244px\" \/> <img loading=\"lazy\" decoding=\"async\" class=\"wp-image-4383 alignnone\" src=\"http:\/\/www.travhuliganen.se\/wp-content\/uploads\/2019\/02\/21105636_1497428473666550_8944075612538859830_n.jpg\" alt=\"\" width=\"291\" height=\"299\" \/><\/a><\/p>\n<p><strong>AFTONBLADET:<\/strong><\/p>\n<h1>Travhuliganen: S\u00e5 spelade jag in 2,3 miljoner<\/h1>\n<div><a href=\"http:\/\/gfx.aftonbladet-cdn.se\/image\/17437520\/800\/normal\/754fa7ba601b7\/travhuliganen.jpg\"><img loading=\"lazy\" decoding=\"async\" src=\"http:\/\/gfx2.aftonbladet-cdn.se\/image\/17437520\/485\/normal\/59c48f83fd1b7\/travhuliganen.jpg\" alt=\"\u201dTravhuliganen\u201d fixade ny rekordvinst p\u00e5 \u201dV75 Tillsammans\u201d. I l\u00f6rdags spelade han in 2,3 miljoner kronor till sitt lag.\" width=\"485\" height=\"182\" \/><\/a><strong><em><span style=\"font-size: xx-small;\">\u201dTravhuliganen\u201d fixade ny rekordvinst p\u00e5 \u201dV75 Tillsammans\u201d. I l\u00f6rdags spelade han in 2,3 miljoner kronor till sitt lag.<\/span><\/em> <\/strong><\/div>\n<div>\n<p><strong>\u201dTravhuliganen\u201d spelade in den st\u00f6rsta vinsten p\u00e5 sajten \u201dV75 Tillsammans\u201d i helgen.<\/strong><\/p>\n<p>Mannen som \u00e4r ett stort travfan drog in 2,3 miljoner till sitt lag.<\/p>\n<p>\u2013 Det har varit stor uppst\u00e5ndelse efter vinsten, s\u00e4ger han till Trav365.<\/p>\n<\/div>\n<div>Det gamla vinstrekordet p\u00e5 ATG:s spelsajt V75 Tillsammans \u00e4r fr\u00e5n i maj d\u00e5 Michael Olsson spelade in strax \u00f6ver en miljon kronor via sajten till sitt lag.<\/div>\n<div id=\"yui_3_10_3_2_1378801595241_397\">\n<p>I l\u00f6rdags var det dags igen d\u00e5 \u201dTravhuliganen\u201d fixade den st\u00f6rsta vinsten hittills. Han hade gjort ett system till lagkamraterna som gav 2,3 miljoner kronor.\u00a0 Totalt var det 32 andelar vilket inneb\u00e4r att varje del \u00e4r v\u00e4rd 72 000 kronor.<\/p>\n<h3>\u201dVill ligga l\u00e5gt\u201d<\/h3>\n<p>Travhuligan har valt att vara anonym b\u00e5de p\u00e5 Facebook och p\u00e5 sin tipssida d\u00e4r han bjuder p\u00e5 drag varje vecka.<\/p>\n<p>\u2013 Jag vill ligga l\u00e5gt och inte g\u00e5 ut med namn. Vid n\u00e4sta miljonvinst kan jag g\u00e5 ut med namn. En g\u00e5ng \u00e4r ingen g\u00e5ng och tv\u00e5 g\u00e5nger \u00e4r riktigt bra. Men jag kan ber\u00e4tta att jag arbetar med fotboll och \u00e4r v\u00e4ldigt sportintresserad, s\u00e4ger han.<\/p>\n<p>Efter vinsten har alla i laget h\u00f6rt av sig och varit glada \u00f6ver pengarna.<\/p>\n<p>\u2013 Det har varit uppst\u00e5ndelse b\u00e5de fr\u00e5n folk som var med och andra. Det \u00e4r inte m\u00e5nga som har f\u00f6rdelen att vara med om n\u00e5got s\u00e5dant h\u00e4r.<\/p>\n<h3>\u201dB\u00e4ttre \u00e4n jag hade trott\u201d<\/h3>\n<p>Helgens V75-t\u00e4vlingar f\u00f6ljde \u201dTravhuliganen\u201d hemma framf\u00f6r TV4:s direkts\u00e4ndning fr\u00e5n Bolln\u00e4s.<\/p>\n<p>\u2013\u00a0 Efter kallblodsloppet k\u00e4ndes det bra, men d\u00e5 visste man inte v\u00e4rdet heller eftersom det \u00f6versteg 200 000 kronor. Jag b\u00f6rjade titta lite p\u00e5 strecken och k\u00e4nde att det h\u00e4r bli bra. Men det blev till och med b\u00e4ttre utdelning \u00e4n vad jag hade trott, s\u00e4ger han.<\/p>\n<p>\u2013 Jag sa till Triokungen (Michael Olsson) som hade rekordet innan p\u00e5 V75 Tillsammans att nu \u00e5ker ditt rekord. Och s\u00e5 blev det, s\u00e4ger han.<\/p>\n<h3>\u00c4ndrade innan spelstopp<\/h3>\n<p>N\u00e4r han spelar V75 v\u00e4ntar han s\u00e5 l\u00e4nge som m\u00f6jligt med att l\u00e4mna in f\u00f6r att hinna f\u00e5 med all information.<\/p>\n<p>\u2013 Den h\u00e4r l\u00f6rdagen gjorde jag justeringar innan spelstopp. Det var ju skoryck p\u00e5 True Advantage i V75-1 och den hade inte jag med fr\u00e5n b\u00f6rjan. S\u00e5 d\u00e4r tog jag tog bort Drillbit \u00c5s och tog med True Advantage.\u00a0 Jag \u00e4ndrade \u00e4ven i sista stund s\u00e5 jag fick med Ulm Karsk\u00a0 i sista avdelningen. Det \u00e4r sm\u00e5 marginaler, konstaterar han.<\/p>\n<p><strong>Kommer ni fira n\u00e5got nu?<\/strong><\/p>\n<p>\u2013 Vi har inte hunnit fira. Vi kommer f\u00f6rs\u00f6ka g\u00f6ra n\u00e5got nu p\u00e5 l\u00f6rdag eller n\u00e4r \u00c5by arrangerar V75. Vi som kan kommer f\u00f6rs\u00f6ka ses och s\u00e5 planerar vi en julfest lite l\u00e4ngre fram. Vi \u00e4r utspridda \u00f6ver hela landet och en i laget bor i Kina. Han var med f\u00f6rsta g\u00e5ngen i l\u00f6rdags och hade tre andelar, s\u00e4ger han.<\/p>\n<p><strong>Namnet Travhuliganen, vad kommer det ifr\u00e5n?<\/strong><\/p>\n<p>\u2013 Jag \u00e4r ganska kreativ, jag har k\u00f6rt lite travtips tidigare f\u00f6r ett antal \u00e5r sedan. Nu har jag en hemsida d\u00e4r jag bjuder p\u00e5 lite tips till V75. Det finns inte n\u00e5gra huliganer inom travet, men jag \u00e4r en fredlig huligan, sk\u00e4mtar han.<\/p>\n<p>\u2013\u00a0 Jag gillar att sticka ut, vi kommer att synas n\u00e4r laget ska ses p\u00e5 V75, s\u00e4ger han.<\/p>\n<p><a href=\"mailto:madeleine.brohlin@minimedia.se?subject=Travhuliganen: S\u00e5 spelade jag in 2,3 miljoner\"><span style=\"text-decoration: underline;\"><span style=\"color: #0066cc;\">Madeleine Brohlin <\/span><\/span><\/a>Minimedia<\/p>\n<\/div>\n<h1><strong>AFTONBLADET:<\/strong><\/h1>\n<h1>Spelat in \u00f6ver tre miljoner \u2013 bildar superlag<\/h1>\n<div><strong>140116<\/strong> &#8211; TEAMET\u00a0 Michael Olsson och \u201dTravhuliganen\u201d bildar lag p\u00e5 V75 Tillsammans. Travprofilerna Hans G Lindskog och Anders Malmrot har varsin andel och den tidigare Farmen-deltagaren Jan &#8221;Blondie&#8221; Hammarl\u00f6f \u00e4r med och spelar.<\/div>\n<div><\/div>\n<div>De spelade in varsin miljonvinst p\u00e5\u00a0 \u201dV75 Tillsammans\u201d i fjol.<\/div>\n<div id=\"yui_3_12_0_2_1389884167623_812\">\n<p id=\"yui_3_12_0_2_1389884167623_835\">Nu bildar Michael Olsson och \u201dTravhuliganen\u201d ett superlag p\u00e5 V75-sajten och har f\u00e5tt med sig ett g\u00e4ng profiler.<\/p>\n<p id=\"yui_3_12_0_2_1389884167623_836\">\u2013 Nu ska vi sl\u00e5 ihop v\u00e5ra tankar, det h\u00e4r kan bli v\u00e4ldigt intressant, s\u00e4ger Michael Olsson.<\/p>\n<p>\u201dTravhuliganen\u201d och Michael \u201dTriokungen\u201d Olsson har de tv\u00e5 st\u00f6rsta vinsterna p\u00e5 sajten V75-tillsammans d\u00e4r du kan spela V75 i lag med andra.<\/p>\n<\/div>\n<div id=\"yui_3_12_0_2_1389884167623_679\">\n<p id=\"yui_3_12_0_2_1389884167623_678\">F\u00f6rst var det Michael Olsson som spelade in strax \u00f6ver en miljon till sitt lag under maj ifjol \u2013 en rekordvinst p\u00e5 sajten.<\/p>\n<p id=\"yui_3_12_0_2_1389884167623_680\">N\u00e5gra m\u00e5nader senare, under h\u00f6sten, slog den anonyma tipparen \u201dTravhuliganen\u201d till d\u00e5 han spelade in en ny rekordvinst p\u00e5 2,3 miljoner kronor till sitt andelslag.<\/p>\n<h3 id=\"yui_3_12_0_2_1389884167623_681\">Spelar med Lindskog och Malmrot<\/h3>\n<p id=\"yui_3_12_0_2_1389884167623_685\">Nu har de tv\u00e5 tipparna best\u00e4mt sig f\u00f6r att g\u00f6ra en gemensam satsning och bildar lag tillsammans p\u00e5 \u201dV75 Tillsammans\u201d.<\/p>\n<p>\u2013 Jag har funderat lite p\u00e5 V75 Tillsammans och hur man kan ha utveckla det. Jag st\u00e4llde en fr\u00e5ga till \u201dTravhuliganen\u201d om vi skulle bilda ett lag tillsammans. Vi \u00e4r de enda som har vunnit \u00f6ver en miljon p\u00e5 sajten. Jag kom p\u00e5 konceptet; b\u00e4ttre med tv\u00e5 travhj\u00e4rnor \u00e4n fyra Harry Boy.<\/p>\n<p>Travhuliganen nappade direkt p\u00e5 f\u00f6rslaget och de har f\u00e5tt med sig ett g\u00e4ng profiler redan.<\/p>\n<p>\u2013 Hans G Lindskog och Anders Malmrot \u00e4r med. Dessutom \u00e4r Farmen-deltagaren Jan &#8221;Blondie&#8221; Hammarl\u00f6f med i laget. \u201dBlondie\u201d \u00e4r v\u00e4ldigt travintresserad, s\u00e4ger Michael Olsson.<\/p>\n<h3>\u201dKan bli intressant\u201d<\/h3>\n<p>Totalt kommer det finnas 30 andelar och det \u00e4r en andel per person som g\u00e4ller. Andelarna kommer att kosta 100 kronor styck.<\/p>\n<p id=\"yui_3_12_0_2_1389884167623_857\">\u2013 Vi kommer l\u00e4gga upp en strategi tillsammans kring systemen. Jag och \u201dTravhuliganen\u201d t\u00e4nker p\u00e5 olika s\u00e4tt. I bland kanske han t\u00e4nker att han ska spika och d\u00e4r tycker jag att man ska gardera. Ofta t\u00e4nker man olika och i bland har man samma tankar kring ett lopp. Han gr\u00e4ver p\u00e5 ett annat s\u00e4tt i lopparkivet och hittar andra saker. Nu kan vi sl\u00e5 ihop v\u00e5ra tankar, s\u00e5 det kan bli v\u00e4ldigt intressant, s\u00e4ger han.<\/p>\n<h3 id=\"yui_3_12_0_2_1389884167623_856\">Drar ig\u00e5ng med \u00c5by-omg\u00e5ngen<\/h3>\n<p id=\"yui_3_12_0_2_1389884167623_855\">Redan nu flera platser i laget uppbokade, men det finns chans att f\u00e5 en plats f\u00f6r den som \u00e4r intresserad.<\/p>\n<p id=\"yui_3_12_0_2_1389884167623_854\">\u2013 Vi kommer spela redan till helgen d\u00e5 vi k\u00f6r en testomg\u00e5ng. Det \u00e4r bara att h\u00f6ra av sig f\u00f6r dem som vill vara med, s\u00e4ger Michael Olsson.<\/p>\n<p id=\"yui_3_12_0_2_1389884167623_851\">Michael Olsson och Travhuliganen har tre speltips som de bjuder p\u00e5 till l\u00f6rdagens V75.<\/p>\n<p id=\"yui_3_12_0_2_1389884167623_850\">\u2013 Mitt drag \u00e4r 6 Royal Fighter i V75-1. I senaste starten fick h\u00e4sten lucka sent och fl\u00f6g fram och slutade trea. Nu n\u00e4r det \u00e4r \u00c5bytravet kommer luckorna tidigare. H\u00e4sten \u00e4r v\u00e4ldigt startsnabb och kommer s\u00e4kert ta ledingen. Antingen k\u00f6r kusken d\u00e4r eller s\u00e5 sl\u00e4pper han till den som kommer. Det spelar ingen roll om h\u00e4sten f\u00e5r rygg p\u00e5 ledaren eller andra inv\u00e4ndigt eftersom det finns open stretch p\u00e5 \u00c5by. Det \u00e4r ett bra drag som bara \u00e4r spelad till 10 V75-procent.<\/p>\n<h3>\u201dSv\u00e5rt att se honom f\u00f6rlora\u201d<\/h3>\n<p>\u201dTravhuliganen\u201d har b\u00e5de en spik och ett drag:<\/p>\n<p id=\"yui_3_12_0_2_1389884167623_713\">\u2013 Det \u00e4r en riktigt roligt omg\u00e5ng. Jag har klart var singelstrecket hamnar, h\u00e4sten \u00e4r ingen superskr\u00e4ll, men jag har sv\u00e5rt att se 2 Nougat \u00c5s i V75-6 f\u00f6rlora s\u00e5 som den s\u00e5g ut senast. Det \u00e4r bra att Johnny Takter k\u00f6r, de verkar komma bra \u00f6verens. Jag gillar Nougat \u00c5s och det har jag gjort hela tiden.<\/p>\n<p id=\"yui_3_12_0_2_1389884167623_712\">\u2013 Jag har ett drag i stoloppet, V75-5, d\u00e4r tror jag att Per Lennartsson vinner med 12 Captivating \u00c5s. H\u00e4sten g\u00e5r ner i klass och m\u00f6ter ett klart \u00f6verkomligt g\u00e4ng. Det ska vara en bra chans, h\u00e4sten har f\u00e5tt n\u00e5gra lopp i Rejo Liljendahls regi nu. Det kan vara sp\u00e4nnande, \u00e4ven om h\u00e4sten inte har vunnit p\u00e5 ett tag, s\u00e4ger \u201dTravhuliganen\u201d.<\/p>\n<\/div>\n<div id=\"yui_3_12_0_2_1389884167623_897\">\n<ul id=\"yui_3_12_0_2_1389884167623_899\">\n<li id=\"yui_3_12_0_2_1389884167623_903\">\n<address id=\"yui_3_12_0_2_1389884167623_902\">\n<div id=\"yui_3_12_0_2_1389884167623_901\"><a id=\"yui_3_12_0_2_1389884167623_904\" href=\"mailto:madeleine.brohlin@minimedia.se?subject=Spelat in \u00f6ver tre miljoner \u2013 bildar superlag\"><span style=\"text-decoration: underline;\"><span style=\"color: #0066cc;\">Madeleine Brohlin <\/span><\/span><\/a>Minimedia<\/div>\n<\/address>\n<\/li>\n<\/ul>\n<\/div>\n<div id=\"yui_3_10_3_2_1378801595241_397\">\n<p>&nbsp;<\/p>\n<\/div>\n","protected":false},"excerpt":{"rendered":"<p>Travhuliganen &#8211; f.d vinstrekordh\u00e5llare p\u00e5 V75-tillsammans och dubbel miljonvinnare p\u00e5 V75 och med ytterligare n\u00e5gra sexsiffriga vinster p\u00e5 mitt CV. AFTONBLADET: Travhuliganen: S\u00e5 spelade jag in 2,3 miljoner \u201dTravhuliganen\u201d fixade ny rekordvinst p\u00e5 \u201dV75 Tillsammans\u201d. I l\u00f6rdags spelade han in 2,3 miljoner kronor till sitt lag. \u201dTravhuliganen\u201d spelade in den st\u00f6rsta vinsten p\u00e5 sajten \u201dV75&#8230;<\/p>\n","protected":false},"author":1,"featured_media":0,"parent":0,"menu_order":0,"comment_status":"closed","ping_status":"closed","template":"","meta":{"footnotes":""},"class_list":["post-7","page","type-page","status-publish","hentry"],"_links":{"self":[{"href":"https:\/\/www.travhuliganen.se\/index.php?rest_route=\/wp\/v2\/pages\/7","targetHints":{"allow":["GET"]}}],"collection":[{"href":"https:\/\/www.travhuliganen.se\/index.php?rest_route=\/wp\/v2\/pages"}],"about":[{"href":"https:\/\/www.travhuliganen.se\/index.php?rest_route=\/wp\/v2\/types\/page"}],"author":[{"embeddable":true,"href":"https:\/\/www.travhuliganen.se\/index.php?rest_route=\/wp\/v2\/users\/1"}],"replies":[{"embeddable":true,"href":"https:\/\/www.travhuliganen.se\/index.php?rest_route=%2Fwp%2Fv2%2Fcomments&post=7"}],"version-history":[{"count":20,"href":"https:\/\/www.travhuliganen.se\/index.php?rest_route=\/wp\/v2\/pages\/7\/revisions"}],"predecessor-version":[{"id":4386,"href":"https:\/\/www.travhuliganen.se\/index.php?rest_route=\/wp\/v2\/pages\/7\/revisions\/4386"}],"wp:attachment":[{"href":"https:\/\/www.travhuliganen.se\/index.php?rest_route=%2Fwp%2Fv2%2Fmedia&parent=7"}],"curies":[{"name":"wp","href":"https:\/\/api.w.org\/{rel}","templated":true}]}}